{"id":60,"date":"2025-02-25T18:40:19","date_gmt":"2025-02-25T18:40:19","guid":{"rendered":"https:\/\/beadventurer.ch\/?page_id=60"},"modified":"2025-02-25T18:43:05","modified_gmt":"2025-02-25T18:43:05","slug":"manutencao","status":"publish","type":"page","link":"https:\/\/beadventurer.ch\/fr\/manutencao\/","title":{"rendered":"Manutencao"},"content":{"rendered":"<div data-elementor-type=\"wp-page\" data-elementor-id=\"60\" class=\"elementor elementor-60\" data-elementor-post-type=\"page\">\n\t\t\t\t<div class=\"elementor-element elementor-element-1bde721 e-flex e-con-boxed e-con e-parent\" data-id=\"1bde721\" data-element_type=\"container\" data-e-type=\"container\" data-settings=\"{&quot;background_background&quot;:&quot;classic&quot;}\">\n\t\t\t\t\t<div class=\"e-con-inner\">\n\t\t\t\t<div class=\"elementor-element elementor-element-838652c elementor-widget elementor-widget-image\" data-id=\"838652c\" data-element_type=\"widget\" data-e-type=\"widget\" data-widget_type=\"image.default\">\n\t\t\t\t<div class=\"elementor-widget-container\">\n\t\t\t\t\t\t\t\t\t\t\t\t\t\t\t<img decoding=\"async\" width=\"294\" height=\"103\" src=\"https:\/\/beadventurer.ch\/wp-content\/uploads\/2025\/02\/Logo-Beadventure.svg\" class=\"attachment-full size-full wp-image-22\" alt=\"\" \/>\t\t\t\t\t\t\t\t\t\t\t\t\t\t\t<\/div>\n\t\t\t\t<\/div>\n\t\t\t\t<div class=\"elementor-element elementor-element-f41ecad elementor-widget__width-initial elementor-widget elementor-widget-heading\" data-id=\"f41ecad\" data-element_type=\"widget\" data-e-type=\"widget\" data-widget_type=\"heading.default\">\n\t\t\t\t<div class=\"elementor-widget-container\">\n\t\t\t\t\t<h2 class=\"elementor-heading-title elementor-size-default\">Nosso site est\u00e1 passando por manuten\u00e7\u00f5es<\/h2>\t\t\t\t<\/div>\n\t\t\t\t<\/div>\n\t\t\t\t<div class=\"elementor-element elementor-element-7ba0c41 elementor-widget__width-initial elementor-widget elementor-widget-text-editor\" data-id=\"7ba0c41\" data-element_type=\"widget\" data-e-type=\"widget\" data-widget_type=\"text-editor.default\">\n\t\t\t\t<div class=\"elementor-widget-container\">\n\t\t\t\t\t\t\t\t\t<p>Para informa\u00e7\u00f5es sobre os nossos servi\u00e7os, entre em contato pelo WhatsApp<\/p>\t\t\t\t\t\t\t\t<\/div>\n\t\t\t\t<\/div>\n\t\t\t\t<div class=\"elementor-element elementor-element-957f503 elementor-mobile-align-center elementor-widget elementor-widget-button\" data-id=\"957f503\" data-element_type=\"widget\" data-e-type=\"widget\" data-widget_type=\"button.default\">\n\t\t\t\t<div class=\"elementor-widget-container\">\n\t\t\t\t\t\t\t\t\t<div class=\"elementor-button-wrapper\">\n\t\t\t\t\t<a class=\"elementor-button elementor-button-link elementor-size-sm\" href=\"https:\/\/api.whatsapp.com\/message\/FGI7CB2UDFUZK1?autoload=1&#038;app_absent=0\">\n\t\t\t\t\t\t<span class=\"elementor-button-content-wrapper\">\n\t\t\t\t\t\t\t\t\t<span class=\"elementor-button-text\">ENTREZ EN CONTACT<\/span>\n\t\t\t\t\t<\/span>\n\t\t\t\t\t<\/a>\n\t\t\t\t<\/div>\n\t\t\t\t\t\t\t\t<\/div>\n\t\t\t\t<\/div>\n\t\t\t\t\t<\/div>\n\t\t\t\t<\/div>\n\t\t\t\t<\/div>","protected":false},"excerpt":{"rendered":"<p>Nosso site est\u00e1 passando por manuten\u00e7\u00f5es Para informa\u00e7\u00f5es sobre os nossos servi\u00e7os, entre em contato pelo WhatsApp Entrar em contato<\/p>","protected":false},"author":1,"featured_media":0,"parent":0,"menu_order":0,"comment_status":"closed","ping_status":"closed","template":"elementor_canvas","meta":{"_joinchat":[],"footnotes":""},"class_list":["post-60","page","type-page","status-publish","hentry"],"yoast_head":"<!-- This site is optimized with the Yoast SEO plugin v27.5 - https:\/\/yoast.com\/product\/yoast-seo-wordpress\/ -->\n<title>Manutencao - Beadventure in Switzerland<\/title>\n<meta name=\"robots\" content=\"index, follow, max-snippet:-1, max-image-preview:large, max-video-preview:-1\" \/>\n<link rel=\"canonical\" href=\"https:\/\/beadventurer.ch\/fr\/manutencao\/\" \/>\n<meta property=\"og:locale\" content=\"fr_FR\" \/>\n<meta property=\"og:type\" content=\"article\" \/>\n<meta property=\"og:title\" content=\"Manutencao - Beadventure in Switzerland\" \/>\n<meta property=\"og:description\" content=\"Nosso site est\u00e1 passando por manuten\u00e7\u00f5es Para informa\u00e7\u00f5es sobre os nossos servi\u00e7os, entre em contato pelo WhatsApp Entrar em contato\" \/>\n<meta property=\"og:url\" content=\"https:\/\/beadventurer.ch\/fr\/manutencao\/\" \/>\n<meta property=\"og:site_name\" content=\"Beadventure in Switzerland\" \/>\n<meta property=\"article:modified_time\" content=\"2025-02-25T18:43:05+00:00\" \/>\n<meta property=\"og:image\" content=\"https:\/\/beadventurer.ch\/wp-content\/uploads\/2025\/02\/Logo-Beadventure.svg\" \/>\n<meta name=\"twitter:card\" content=\"summary_large_image\" \/>\n<meta name=\"twitter:label1\" content=\"Dur\u00e9e de lecture estim\u00e9e\" \/>\n\t<meta name=\"twitter:data1\" content=\"1 minute\" \/>\n<script type=\"application\/ld+json\" class=\"yoast-schema-graph\">{\"@context\":\"https:\\\/\\\/schema.org\",\"@graph\":[{\"@type\":\"WebPage\",\"@id\":\"https:\\\/\\\/beadventurer.ch\\\/en\\\/manutencao\\\/\",\"url\":\"https:\\\/\\\/beadventurer.ch\\\/en\\\/manutencao\\\/\",\"name\":\"Manutencao - Beadventure in Switzerland\",\"isPartOf\":{\"@id\":\"https:\\\/\\\/www.beadventurer.ch\\\/#website\"},\"primaryImageOfPage\":{\"@id\":\"https:\\\/\\\/beadventurer.ch\\\/en\\\/manutencao\\\/#primaryimage\"},\"image\":{\"@id\":\"https:\\\/\\\/beadventurer.ch\\\/en\\\/manutencao\\\/#primaryimage\"},\"thumbnailUrl\":\"https:\\\/\\\/beadventurer.ch\\\/wp-content\\\/uploads\\\/2025\\\/02\\\/Logo-Beadventure.svg\",\"datePublished\":\"2025-02-25T18:40:19+00:00\",\"dateModified\":\"2025-02-25T18:43:05+00:00\",\"breadcrumb\":{\"@id\":\"https:\\\/\\\/beadventurer.ch\\\/en\\\/manutencao\\\/#breadcrumb\"},\"inLanguage\":\"fr-FR\",\"potentialAction\":[{\"@type\":\"ReadAction\",\"target\":[\"https:\\\/\\\/beadventurer.ch\\\/en\\\/manutencao\\\/\"]}]},{\"@type\":\"ImageObject\",\"inLanguage\":\"fr-FR\",\"@id\":\"https:\\\/\\\/beadventurer.ch\\\/en\\\/manutencao\\\/#primaryimage\",\"url\":\"https:\\\/\\\/beadventurer.ch\\\/wp-content\\\/uploads\\\/2025\\\/02\\\/Logo-Beadventure.svg\",\"contentUrl\":\"https:\\\/\\\/beadventurer.ch\\\/wp-content\\\/uploads\\\/2025\\\/02\\\/Logo-Beadventure.svg\"},{\"@type\":\"BreadcrumbList\",\"@id\":\"https:\\\/\\\/beadventurer.ch\\\/en\\\/manutencao\\\/#breadcrumb\",\"itemListElement\":[{\"@type\":\"ListItem\",\"position\":1,\"name\":\"In\u00edcio\",\"item\":\"https:\\\/\\\/www.beadventurer.ch\\\/fr\\\/\"},{\"@type\":\"ListItem\",\"position\":2,\"name\":\"Manutencao\"}]},{\"@type\":\"WebSite\",\"@id\":\"https:\\\/\\\/www.beadventurer.ch\\\/#website\",\"url\":\"https:\\\/\\\/www.beadventurer.ch\\\/\",\"name\":\"Beadventure in Switzerland\",\"description\":\"BeAdventurer na Su\u00ed\u00e7a oferece uma experi\u00eancia \u00fanica para os amantes da natureza, cultura, gastronomia e sensa\u00e7\u00f5es fortes, que desejam passar f\u00e9rias memor\u00e1veis.\",\"publisher\":{\"@id\":\"https:\\\/\\\/www.beadventurer.ch\\\/#organization\"},\"potentialAction\":[{\"@type\":\"SearchAction\",\"target\":{\"@type\":\"EntryPoint\",\"urlTemplate\":\"https:\\\/\\\/www.beadventurer.ch\\\/?s={search_term_string}\"},\"query-input\":{\"@type\":\"PropertyValueSpecification\",\"valueRequired\":true,\"valueName\":\"search_term_string\"}}],\"inLanguage\":\"fr-FR\"},{\"@type\":\"Organization\",\"@id\":\"https:\\\/\\\/www.beadventurer.ch\\\/#organization\",\"name\":\"Beadventure in Switzerland\",\"url\":\"https:\\\/\\\/www.beadventurer.ch\\\/\",\"logo\":{\"@type\":\"ImageObject\",\"inLanguage\":\"fr-FR\",\"@id\":\"https:\\\/\\\/www.beadventurer.ch\\\/#\\\/schema\\\/logo\\\/image\\\/\",\"url\":\"https:\\\/\\\/beadventurer.ch\\\/wp-content\\\/uploads\\\/2025\\\/02\\\/Logo-Beadventure.svg\",\"contentUrl\":\"https:\\\/\\\/beadventurer.ch\\\/wp-content\\\/uploads\\\/2025\\\/02\\\/Logo-Beadventure.svg\",\"width\":294,\"height\":103,\"caption\":\"Beadventure in Switzerland\"},\"image\":{\"@id\":\"https:\\\/\\\/www.beadventurer.ch\\\/#\\\/schema\\\/logo\\\/image\\\/\"}}]}<\/script>\n<!-- \/ Yoast SEO plugin. -->","yoast_head_json":{"title":"Manutencao - Beadventure in Switzerland","robots":{"index":"index","follow":"follow","max-snippet":"max-snippet:-1","max-image-preview":"max-image-preview:large","max-video-preview":"max-video-preview:-1"},"canonical":"https:\/\/beadventurer.ch\/fr\/manutencao\/","og_locale":"fr_FR","og_type":"article","og_title":"Manutencao - Beadventure in Switzerland","og_description":"Nosso site est\u00e1 passando por manuten\u00e7\u00f5es Para informa\u00e7\u00f5es sobre os nossos servi\u00e7os, entre em contato pelo WhatsApp Entrar em contato","og_url":"https:\/\/beadventurer.ch\/fr\/manutencao\/","og_site_name":"Beadventure in Switzerland","article_modified_time":"2025-02-25T18:43:05+00:00","og_image":[{"url":"https:\/\/beadventurer.ch\/wp-content\/uploads\/2025\/02\/Logo-Beadventure.svg","type":"","width":"","height":""}],"twitter_card":"summary_large_image","twitter_misc":{"Dur\u00e9e de lecture estim\u00e9e":"1 minute"},"schema":{"@context":"https:\/\/schema.org","@graph":[{"@type":"WebPage","@id":"https:\/\/beadventurer.ch\/en\/manutencao\/","url":"https:\/\/beadventurer.ch\/en\/manutencao\/","name":"Manutencao - Beadventure in Switzerland","isPartOf":{"@id":"https:\/\/www.beadventurer.ch\/#website"},"primaryImageOfPage":{"@id":"https:\/\/beadventurer.ch\/en\/manutencao\/#primaryimage"},"image":{"@id":"https:\/\/beadventurer.ch\/en\/manutencao\/#primaryimage"},"thumbnailUrl":"https:\/\/beadventurer.ch\/wp-content\/uploads\/2025\/02\/Logo-Beadventure.svg","datePublished":"2025-02-25T18:40:19+00:00","dateModified":"2025-02-25T18:43:05+00:00","breadcrumb":{"@id":"https:\/\/beadventurer.ch\/en\/manutencao\/#breadcrumb"},"inLanguage":"fr-FR","potentialAction":[{"@type":"ReadAction","target":["https:\/\/beadventurer.ch\/en\/manutencao\/"]}]},{"@type":"ImageObject","inLanguage":"fr-FR","@id":"https:\/\/beadventurer.ch\/en\/manutencao\/#primaryimage","url":"https:\/\/beadventurer.ch\/wp-content\/uploads\/2025\/02\/Logo-Beadventure.svg","contentUrl":"https:\/\/beadventurer.ch\/wp-content\/uploads\/2025\/02\/Logo-Beadventure.svg"},{"@type":"BreadcrumbList","@id":"https:\/\/beadventurer.ch\/en\/manutencao\/#breadcrumb","itemListElement":[{"@type":"ListItem","position":1,"name":"In\u00edcio","item":"https:\/\/www.beadventurer.ch\/fr\/"},{"@type":"ListItem","position":2,"name":"Manutencao"}]},{"@type":"WebSite","@id":"https:\/\/www.beadventurer.ch\/#website","url":"https:\/\/www.beadventurer.ch\/","name":"Beadventure in Switzerland","description":"BeAdventurer na Su\u00ed\u00e7a oferece uma experi\u00eancia \u00fanica para os amantes da natureza, cultura, gastronomia e sensa\u00e7\u00f5es fortes, que desejam passar f\u00e9rias memor\u00e1veis.","publisher":{"@id":"https:\/\/www.beadventurer.ch\/#organization"},"potentialAction":[{"@type":"SearchAction","target":{"@type":"EntryPoint","urlTemplate":"https:\/\/www.beadventurer.ch\/?s={search_term_string}"},"query-input":{"@type":"PropertyValueSpecification","valueRequired":true,"valueName":"search_term_string"}}],"inLanguage":"fr-FR"},{"@type":"Organization","@id":"https:\/\/www.beadventurer.ch\/#organization","name":"Beadventure in Switzerland","url":"https:\/\/www.beadventurer.ch\/","logo":{"@type":"ImageObject","inLanguage":"fr-FR","@id":"https:\/\/www.beadventurer.ch\/#\/schema\/logo\/image\/","url":"https:\/\/beadventurer.ch\/wp-content\/uploads\/2025\/02\/Logo-Beadventure.svg","contentUrl":"https:\/\/beadventurer.ch\/wp-content\/uploads\/2025\/02\/Logo-Beadventure.svg","width":294,"height":103,"caption":"Beadventure in Switzerland"},"image":{"@id":"https:\/\/www.beadventurer.ch\/#\/schema\/logo\/image\/"}}]}},"_links":{"self":[{"href":"https:\/\/beadventurer.ch\/fr\/wp-json\/wp\/v2\/pages\/60","targetHints":{"allow":["GET"]}}],"collection":[{"href":"https:\/\/beadventurer.ch\/fr\/wp-json\/wp\/v2\/pages"}],"about":[{"href":"https:\/\/beadventurer.ch\/fr\/wp-json\/wp\/v2\/types\/page"}],"author":[{"embeddable":true,"href":"https:\/\/beadventurer.ch\/fr\/wp-json\/wp\/v2\/users\/1"}],"replies":[{"embeddable":true,"href":"https:\/\/beadventurer.ch\/fr\/wp-json\/wp\/v2\/comments?post=60"}],"version-history":[{"count":0,"href":"https:\/\/beadventurer.ch\/fr\/wp-json\/wp\/v2\/pages\/60\/revisions"}],"wp:attachment":[{"href":"https:\/\/beadventurer.ch\/fr\/wp-json\/wp\/v2\/media?parent=60"}],"curies":[{"name":"wp","href":"https:\/\/api.w.org\/{rel}","templated":true}]}}