{"id":1143,"date":"2025-03-28T16:42:39","date_gmt":"2025-03-28T16:42:39","guid":{"rendered":"https:\/\/beadventurer.ch\/?page_id=1143"},"modified":"2025-04-16T12:32:25","modified_gmt":"2025-04-16T12:32:25","slug":"blog-beadventurer","status":"publish","type":"page","link":"https:\/\/beadventurer.ch\/en\/blog-beadventurer\/","title":{"rendered":"Blog BeAdventurer"},"content":{"rendered":"<div data-elementor-type=\"wp-page\" data-elementor-id=\"1143\" class=\"elementor elementor-1143\" data-elementor-post-type=\"page\">\n\t\t\t\t<div class=\"elementor-element elementor-element-0eadf13 e-flex e-con-boxed e-con e-parent\" data-id=\"0eadf13\" data-element_type=\"container\" data-settings=\"{&quot;background_background&quot;:&quot;classic&quot;}\">\n\t\t\t\t\t<div class=\"e-con-inner\">\n\t\t<div class=\"elementor-element elementor-element-6da0e03 e-con-full e-flex e-con e-child\" data-id=\"6da0e03\" data-element_type=\"container\">\n\t\t\t\t<div class=\"elementor-element elementor-element-41d91e4 elementor-widget elementor-widget-text-editor\" data-id=\"41d91e4\" data-element_type=\"widget\" data-widget_type=\"text-editor.default\">\n\t\t\t\t<div class=\"elementor-widget-container\">\n\t\t\t\t\t\t\t\t\t<p>BLOG BEADVENTURER<\/p>\t\t\t\t\t\t\t\t<\/div>\n\t\t\t\t<\/div>\n\t\t\t\t<div class=\"elementor-element elementor-element-ad52db0 elementor-widget__width-initial elementor-widget elementor-widget-text-editor\" data-id=\"ad52db0\" data-element_type=\"widget\" data-widget_type=\"text-editor.default\">\n\t\t\t\t<div class=\"elementor-widget-container\">\n\t\t\t\t\t\t\t\t\t<p><span style=\"color: #ffffff;\">MEET <\/span>A SU\u00cd\u00c7A <span style=\"color: #ffffff;\">ATRAV\u00c9S DAS <\/span>HIST\u00d3RIAS <span style=\"color: #ffffff;\">DA NOSSA GUIA<\/span><\/p>\t\t\t\t\t\t\t\t<\/div>\n\t\t\t\t<\/div>\n\t\t\t\t<\/div>\n\t\t\t\t\t<\/div>\n\t\t\t\t<\/div>\n\t\t<div class=\"elementor-element elementor-element-a7b5805 e-flex e-con-boxed e-con e-parent\" data-id=\"a7b5805\" data-element_type=\"container\">\n\t\t\t\t\t<div class=\"e-con-inner\">\n\t\t\t\t<div class=\"elementor-element elementor-element-0bb56c4 elementor-grid-3 elementor-grid-tablet-2 elementor-grid-mobile-1 elementor-posts--thumbnail-top elementor-widget elementor-widget-posts\" data-id=\"0bb56c4\" data-element_type=\"widget\" data-settings=\"{&quot;pagination_type&quot;:&quot;numbers&quot;,&quot;classic_columns&quot;:&quot;3&quot;,&quot;classic_columns_tablet&quot;:&quot;2&quot;,&quot;classic_columns_mobile&quot;:&quot;1&quot;,&quot;classic_row_gap&quot;:{&quot;unit&quot;:&quot;px&quot;,&quot;size&quot;:35,&quot;sizes&quot;:[]},&quot;classic_row_gap_tablet&quot;:{&quot;unit&quot;:&quot;px&quot;,&quot;size&quot;:&quot;&quot;,&quot;sizes&quot;:[]},&quot;classic_row_gap_mobile&quot;:{&quot;unit&quot;:&quot;px&quot;,&quot;size&quot;:&quot;&quot;,&quot;sizes&quot;:[]}}\" data-widget_type=\"posts.classic\">\n\t\t\t\t<div class=\"elementor-widget-container\">\n\t\t\t\t\t\t\t<div class=\"elementor-posts-container elementor-posts elementor-posts--skin-classic elementor-grid\">\n\t\t\t\t<article class=\"elementor-post elementor-grid-item post-1083 post type-post status-publish format-standard has-post-thumbnail hentry category-blog\">\n\t\t\t\t<a class=\"elementor-post__thumbnail__link\" href=\"https:\/\/beadventurer.ch\/en\/as-geleiras-do-valais-gigantes-em-despedida\/\" tabindex=\"-1\" >\n\t\t\t<div class=\"elementor-post__thumbnail\"><img fetchpriority=\"high\" decoding=\"async\" width=\"1830\" height=\"1160\" src=\"https:\/\/beadventurer.ch\/wp-content\/uploads\/2025\/03\/geleira-tortin-agosto-2021-scaled-e1743174265127.jpg\" class=\"attachment-full size-full wp-image-1084\" alt=\"\" srcset=\"https:\/\/beadventurer.ch\/wp-content\/uploads\/2025\/03\/geleira-tortin-agosto-2021-scaled-e1743174265127.jpg 1830w, https:\/\/beadventurer.ch\/wp-content\/uploads\/2025\/03\/geleira-tortin-agosto-2021-scaled-e1743174265127-300x190.jpg 300w, https:\/\/beadventurer.ch\/wp-content\/uploads\/2025\/03\/geleira-tortin-agosto-2021-scaled-e1743174265127-1024x649.jpg 1024w, https:\/\/beadventurer.ch\/wp-content\/uploads\/2025\/03\/geleira-tortin-agosto-2021-scaled-e1743174265127-768x487.jpg 768w, https:\/\/beadventurer.ch\/wp-content\/uploads\/2025\/03\/geleira-tortin-agosto-2021-scaled-e1743174265127-1536x974.jpg 1536w, https:\/\/beadventurer.ch\/wp-content\/uploads\/2025\/03\/geleira-tortin-agosto-2021-scaled-e1743174265127-18x12.jpg 18w\" sizes=\"(max-width: 1830px) 100vw, 1830px\" \/><\/div>\n\t\t<\/a>\n\t\t\t\t<div class=\"elementor-post__text\">\n\t\t\t\t<h3 class=\"elementor-post__title\">\n\t\t\t<a href=\"https:\/\/beadventurer.ch\/en\/as-geleiras-do-valais-gigantes-em-despedida\/\" >\n\t\t\t\tAs Geleiras do Valais: Gigantes em Despedida\t\t\t<\/a>\n\t\t<\/h3>\n\t\t\t\t<div class=\"elementor-post__meta-data\">\n\t\t\t\t\t<span class=\"elementor-post-date\">\n\t\t\tMarch 28, 2025\t\t<\/span>\n\t\t\t\t<\/div>\n\t\t\t\t<div class=\"elementor-post__excerpt\">\n\t\t\t<p>Uma primeira vez que mudou tudo A primeira vez que vi uma geleira de perto foi em julho de 1996.Meu marido me levou at\u00e9 o topo do Mont Fort, a 3.330 metros de altitude. Para chegar l\u00e1, atravessamos de bondinho a Geleira de Tortin, deslizando sobre um mundo que eu<\/p>\n\t\t<\/div>\n\t\t\n\t\t<a class=\"elementor-post__read-more\" href=\"https:\/\/beadventurer.ch\/en\/as-geleiras-do-valais-gigantes-em-despedida\/\" aria-label=\"Read more about As Geleiras do Valais: Gigantes em Despedida\" tabindex=\"-1\" >\n\t\t\tLeia mais \u00bb\t\t<\/a>\n\n\t\t\t\t<\/div>\n\t\t\t\t<\/article>\n\t\t\t\t<article class=\"elementor-post elementor-grid-item post-1065 post type-post status-publish format-standard has-post-thumbnail hentry category-blog\">\n\t\t\t\t<a class=\"elementor-post__thumbnail__link\" href=\"https:\/\/beadventurer.ch\/en\/quem-sou-eu-e-por-que-escolhi-as-montanhas-como-profissao\/\" tabindex=\"-1\" >\n\t\t\t<div class=\"elementor-post__thumbnail\"><img decoding=\"async\" width=\"2560\" height=\"1920\" src=\"https:\/\/beadventurer.ch\/wp-content\/uploads\/2025\/03\/Bia-scaled.jpeg\" class=\"attachment-full size-full wp-image-1067\" alt=\"\" srcset=\"https:\/\/beadventurer.ch\/wp-content\/uploads\/2025\/03\/Bia-scaled.jpeg 2560w, https:\/\/beadventurer.ch\/wp-content\/uploads\/2025\/03\/Bia-300x225.jpeg 300w, https:\/\/beadventurer.ch\/wp-content\/uploads\/2025\/03\/Bia-1024x768.jpeg 1024w, https:\/\/beadventurer.ch\/wp-content\/uploads\/2025\/03\/Bia-768x576.jpeg 768w, https:\/\/beadventurer.ch\/wp-content\/uploads\/2025\/03\/Bia-1536x1152.jpeg 1536w, https:\/\/beadventurer.ch\/wp-content\/uploads\/2025\/03\/Bia-2048x1536.jpeg 2048w, https:\/\/beadventurer.ch\/wp-content\/uploads\/2025\/03\/Bia-16x12.jpeg 16w\" sizes=\"(max-width: 2560px) 100vw, 2560px\" \/><\/div>\n\t\t<\/a>\n\t\t\t\t<div class=\"elementor-post__text\">\n\t\t\t\t<h3 class=\"elementor-post__title\">\n\t\t\t<a href=\"https:\/\/beadventurer.ch\/en\/quem-sou-eu-e-por-que-escolhi-as-montanhas-como-profissao\/\" >\n\t\t\t\tQuem sou eu, e por que escolhi as montanhas como profiss\u00e3o\t\t\t<\/a>\n\t\t<\/h3>\n\t\t\t\t<div class=\"elementor-post__meta-data\">\n\t\t\t\t\t<span class=\"elementor-post-date\">\n\t\t\tMarch 28, 2025\t\t<\/span>\n\t\t\t\t<\/div>\n\t\t\t\t<div class=\"elementor-post__excerpt\">\n\t\t\t<p>\u201cEntre rochas, hist\u00f3rias e passos: minha vida nas trilhas da Su\u00ed\u00e7a\u201d Quando me perguntam o que eu fa\u00e7o da vida, \u00e0s vezes hesito. Porque dizer \u201csou guia de montanha\u201d nunca \u00e9 suficiente. Eu conduzo pessoas, sim, mas tamb\u00e9m as ajudo a enxergar a paisagem com outros olhos. A escutar o<\/p>\n\t\t<\/div>\n\t\t\n\t\t<a class=\"elementor-post__read-more\" href=\"https:\/\/beadventurer.ch\/en\/quem-sou-eu-e-por-que-escolhi-as-montanhas-como-profissao\/\" aria-label=\"Read more about Quem sou eu, e por que escolhi as montanhas como profiss\u00e3o\" tabindex=\"-1\" >\n\t\t\tLeia mais \u00bb\t\t<\/a>\n\n\t\t\t\t<\/div>\n\t\t\t\t<\/article>\n\t\t\t\t<\/div>\n\t\t\n\t\t\t\t\t\t<\/div>\n\t\t\t\t<\/div>\n\t\t\t\t\t<\/div>\n\t\t\t\t<\/div>\n\t\t\t\t<\/div>","protected":false},"excerpt":{"rendered":"<p>BLOG BEADVENTURER CONHE\u00c7A A SU\u00cd\u00c7A ATRAV\u00c9S DAS HIST\u00d3RIAS DA NOSSA GUIA<\/p>","protected":false},"author":1,"featured_media":0,"parent":0,"menu_order":0,"comment_status":"closed","ping_status":"closed","template":"elementor_header_footer","meta":{"_joinchat":[],"footnotes":""},"class_list":["post-1143","page","type-page","status-publish","hentry"],"yoast_head":"<!-- This site is optimized with the Yoast SEO plugin v24.5 - https:\/\/yoast.com\/wordpress\/plugins\/seo\/ -->\n<title>Blog BeAdventurer - Beadventure in Switzerland<\/title>\n<meta name=\"robots\" content=\"index, follow, max-snippet:-1, max-image-preview:large, max-video-preview:-1\" \/>\n<link rel=\"canonical\" href=\"https:\/\/beadventurer.ch\/en\/blog-beadventurer\/\" \/>\n<meta property=\"og:locale\" content=\"en_US\" \/>\n<meta property=\"og:type\" content=\"article\" \/>\n<meta property=\"og:title\" content=\"Blog BeAdventurer - Beadventure in Switzerland\" \/>\n<meta property=\"og:description\" content=\"BLOG BEADVENTURER CONHE\u00c7A A SU\u00cd\u00c7A ATRAV\u00c9S DAS HIST\u00d3RIAS DA NOSSA GUIA\" \/>\n<meta property=\"og:url\" content=\"https:\/\/beadventurer.ch\/en\/blog-beadventurer\/\" \/>\n<meta property=\"og:site_name\" content=\"Beadventure in Switzerland\" \/>\n<meta property=\"article:modified_time\" content=\"2025-04-16T12:32:25+00:00\" \/>\n<meta name=\"twitter:card\" content=\"summary_large_image\" \/>\n<meta name=\"twitter:label1\" content=\"Est. reading time\" \/>\n\t<meta name=\"twitter:data1\" content=\"2 minutes\" \/>\n<script type=\"application\/ld+json\" class=\"yoast-schema-graph\">{\"@context\":\"https:\/\/schema.org\",\"@graph\":[{\"@type\":\"WebPage\",\"@id\":\"https:\/\/beadventurer.ch\/blog-beadventurer\/\",\"url\":\"https:\/\/beadventurer.ch\/blog-beadventurer\/\",\"name\":\"Blog BeAdventurer - Beadventure in Switzerland\",\"isPartOf\":{\"@id\":\"https:\/\/www.beadventurer.ch\/#website\"},\"datePublished\":\"2025-03-28T16:42:39+00:00\",\"dateModified\":\"2025-04-16T12:32:25+00:00\",\"breadcrumb\":{\"@id\":\"https:\/\/beadventurer.ch\/blog-beadventurer\/#breadcrumb\"},\"inLanguage\":\"en-US\",\"potentialAction\":[{\"@type\":\"ReadAction\",\"target\":[\"https:\/\/beadventurer.ch\/blog-beadventurer\/\"]}]},{\"@type\":\"BreadcrumbList\",\"@id\":\"https:\/\/beadventurer.ch\/blog-beadventurer\/#breadcrumb\",\"itemListElement\":[{\"@type\":\"ListItem\",\"position\":1,\"name\":\"In\u00edcio\",\"item\":\"https:\/\/www.beadventurer.ch\/fr\/\"},{\"@type\":\"ListItem\",\"position\":2,\"name\":\"Blog BeAdventurer\"}]},{\"@type\":\"WebSite\",\"@id\":\"https:\/\/www.beadventurer.ch\/#website\",\"url\":\"https:\/\/www.beadventurer.ch\/\",\"name\":\"Beadventure in Switzerland\",\"description\":\"BeAdventurer na Su\u00ed\u00e7a oferece uma experi\u00eancia \u00fanica para os amantes da natureza, cultura, gastronomia e sensa\u00e7\u00f5es fortes, que desejam passar f\u00e9rias memor\u00e1veis.\",\"publisher\":{\"@id\":\"https:\/\/www.beadventurer.ch\/#organization\"},\"potentialAction\":[{\"@type\":\"SearchAction\",\"target\":{\"@type\":\"EntryPoint\",\"urlTemplate\":\"https:\/\/www.beadventurer.ch\/?s={search_term_string}\"},\"query-input\":{\"@type\":\"PropertyValueSpecification\",\"valueRequired\":true,\"valueName\":\"search_term_string\"}}],\"inLanguage\":\"en-US\"},{\"@type\":\"Organization\",\"@id\":\"https:\/\/www.beadventurer.ch\/#organization\",\"name\":\"Beadventure in Switzerland\",\"url\":\"https:\/\/www.beadventurer.ch\/\",\"logo\":{\"@type\":\"ImageObject\",\"inLanguage\":\"en-US\",\"@id\":\"https:\/\/www.beadventurer.ch\/#\/schema\/logo\/image\/\",\"url\":\"https:\/\/beadventurer.ch\/wp-content\/uploads\/2025\/02\/Logo-Beadventure.svg\",\"contentUrl\":\"https:\/\/beadventurer.ch\/wp-content\/uploads\/2025\/02\/Logo-Beadventure.svg\",\"width\":294,\"height\":103,\"caption\":\"Beadventure in Switzerland\"},\"image\":{\"@id\":\"https:\/\/www.beadventurer.ch\/#\/schema\/logo\/image\/\"}}]}<\/script>\n<!-- \/ Yoast SEO plugin. -->","yoast_head_json":{"title":"Blog BeAdventurer - Beadventure in Switzerland","robots":{"index":"index","follow":"follow","max-snippet":"max-snippet:-1","max-image-preview":"max-image-preview:large","max-video-preview":"max-video-preview:-1"},"canonical":"https:\/\/beadventurer.ch\/en\/blog-beadventurer\/","og_locale":"en_US","og_type":"article","og_title":"Blog BeAdventurer - Beadventure in Switzerland","og_description":"BLOG BEADVENTURER CONHE\u00c7A A SU\u00cd\u00c7A ATRAV\u00c9S DAS HIST\u00d3RIAS DA NOSSA GUIA","og_url":"https:\/\/beadventurer.ch\/en\/blog-beadventurer\/","og_site_name":"Beadventure in Switzerland","article_modified_time":"2025-04-16T12:32:25+00:00","twitter_card":"summary_large_image","twitter_misc":{"Est. reading time":"2 minutes"},"schema":{"@context":"https:\/\/schema.org","@graph":[{"@type":"WebPage","@id":"https:\/\/beadventurer.ch\/blog-beadventurer\/","url":"https:\/\/beadventurer.ch\/blog-beadventurer\/","name":"Blog BeAdventurer - Beadventure in Switzerland","isPartOf":{"@id":"https:\/\/www.beadventurer.ch\/#website"},"datePublished":"2025-03-28T16:42:39+00:00","dateModified":"2025-04-16T12:32:25+00:00","breadcrumb":{"@id":"https:\/\/beadventurer.ch\/blog-beadventurer\/#breadcrumb"},"inLanguage":"en-US","potentialAction":[{"@type":"ReadAction","target":["https:\/\/beadventurer.ch\/blog-beadventurer\/"]}]},{"@type":"BreadcrumbList","@id":"https:\/\/beadventurer.ch\/blog-beadventurer\/#breadcrumb","itemListElement":[{"@type":"ListItem","position":1,"name":"In\u00edcio","item":"https:\/\/www.beadventurer.ch\/fr\/"},{"@type":"ListItem","position":2,"name":"Blog BeAdventurer"}]},{"@type":"WebSite","@id":"https:\/\/www.beadventurer.ch\/#website","url":"https:\/\/www.beadventurer.ch\/","name":"Beadventure in Switzerland","description":"BeAdventurer na Su\u00ed\u00e7a oferece uma experi\u00eancia \u00fanica para os amantes da natureza, cultura, gastronomia e sensa\u00e7\u00f5es fortes, que desejam passar f\u00e9rias memor\u00e1veis.","publisher":{"@id":"https:\/\/www.beadventurer.ch\/#organization"},"potentialAction":[{"@type":"SearchAction","target":{"@type":"EntryPoint","urlTemplate":"https:\/\/www.beadventurer.ch\/?s={search_term_string}"},"query-input":{"@type":"PropertyValueSpecification","valueRequired":true,"valueName":"search_term_string"}}],"inLanguage":"en-US"},{"@type":"Organization","@id":"https:\/\/www.beadventurer.ch\/#organization","name":"Beadventure in Switzerland","url":"https:\/\/www.beadventurer.ch\/","logo":{"@type":"ImageObject","inLanguage":"en-US","@id":"https:\/\/www.beadventurer.ch\/#\/schema\/logo\/image\/","url":"https:\/\/beadventurer.ch\/wp-content\/uploads\/2025\/02\/Logo-Beadventure.svg","contentUrl":"https:\/\/beadventurer.ch\/wp-content\/uploads\/2025\/02\/Logo-Beadventure.svg","width":294,"height":103,"caption":"Beadventure in Switzerland"},"image":{"@id":"https:\/\/www.beadventurer.ch\/#\/schema\/logo\/image\/"}}]}},"_links":{"self":[{"href":"https:\/\/beadventurer.ch\/en\/wp-json\/wp\/v2\/pages\/1143","targetHints":{"allow":["GET"]}}],"collection":[{"href":"https:\/\/beadventurer.ch\/en\/wp-json\/wp\/v2\/pages"}],"about":[{"href":"https:\/\/beadventurer.ch\/en\/wp-json\/wp\/v2\/types\/page"}],"author":[{"embeddable":true,"href":"https:\/\/beadventurer.ch\/en\/wp-json\/wp\/v2\/users\/1"}],"replies":[{"embeddable":true,"href":"https:\/\/beadventurer.ch\/en\/wp-json\/wp\/v2\/comments?post=1143"}],"version-history":[{"count":0,"href":"https:\/\/beadventurer.ch\/en\/wp-json\/wp\/v2\/pages\/1143\/revisions"}],"wp:attachment":[{"href":"https:\/\/beadventurer.ch\/en\/wp-json\/wp\/v2\/media?parent=1143"}],"curies":[{"name":"wp","href":"https:\/\/api.w.org\/{rel}","templated":true}]}}